{"id":2,"date":"2016-06-27T21:09:09","date_gmt":"2016-06-27T21:09:09","guid":{"rendered":"http:\/\/xypublicidad.com.ar\/poliarquia\/?page_id=2"},"modified":"2021-10-27T17:21:14","modified_gmt":"2021-10-27T17:21:14","slug":"institucional","status":"publish","type":"page","link":"https:\/\/poliarquia.com\/institucional\/","title":{"rendered":"Institucional"},"content":{"rendered":"<p>Poliarqu\u00eda Consultores es una consultora argentina l\u00edder enfocada en brindar an\u00e1lisis de opini\u00f3n p\u00fablica y pol\u00edtica tanto al sector p\u00fablico como al privado. Ofrecemos servicios a empresas, l\u00edderes pol\u00edticos y sociales, legisladores y funcionarios de diferentes poderes gubernamentales, inversionistas internacionales, gobiernos extranjeros as\u00ed como organizaciones de la sociedad civil e instituciones internacionales.<\/p>\n<p>Producimos datos e informaci\u00f3n de opini\u00f3n p\u00fablica propios a trav\u00e9s de las t\u00e9cnicas y metodolog\u00edas m\u00e1s novedosas en el campo de la investigaci\u00f3n social. Tambi\u00e9n brindamos un an\u00e1lisis preciso del escenario pol\u00edtico y social en Argentina y la regi\u00f3n, as\u00ed como un diagn\u00f3stico actualizado e integral, identificando posibles soluciones o cursos de acci\u00f3n en base a la experiencia comparada.<\/p>\n<p>Los socios de Poliarquia, Alejandro Catterberg y Eduardo Fidanza, tienen antecedentes distinguidos en el sector p\u00fablico y privado, as\u00ed como en diversas organizaciones de la sociedad civil. La pluralidad de disciplinas y especializaciones entre los directivos y el personal le otorga a Poliarqu\u00eda Consultores un importante valor agregado hacia una comprensi\u00f3n integral de la realidad.<\/p>\n","protected":false},"excerpt":{"rendered":"<p>Poliarqu\u00eda Consultores es una consultora argentina l\u00edder enfocada en brindar an\u00e1lisis de opini\u00f3n p\u00fablica y pol\u00edtica tanto al sector p\u00fablico como al privado. Ofrecemos servicios a empresas, l\u00edderes pol\u00edticos y sociales, legisladores y funcionarios de diferentes poderes gubernamentales, inversionistas internacionales, gobiernos extranjeros as\u00ed como organizaciones de la sociedad civil e instituciones internacionales. Producimos datos e&#8230;<\/p>\n<p><a class=\"excerpt-read-more btn btn-primary\" href=\"https:\/\/poliarquia.com\/institucional\/\" title=\"ReadInstitucional\">Read More<\/a><\/p>\n","protected":false},"author":1,"featured_media":398,"parent":0,"menu_order":0,"comment_status":"closed","ping_status":"open","template":"page-institucional.php","meta":{"footnotes":""},"class_list":["post-2","page","type-page","status-publish","has-post-thumbnail","hentry"],"_links":{"self":[{"href":"https:\/\/poliarquia.com\/wp-json\/wp\/v2\/pages\/2","targetHints":{"allow":["GET"]}}],"collection":[{"href":"https:\/\/poliarquia.com\/wp-json\/wp\/v2\/pages"}],"about":[{"href":"https:\/\/poliarquia.com\/wp-json\/wp\/v2\/types\/page"}],"author":[{"embeddable":true,"href":"https:\/\/poliarquia.com\/wp-json\/wp\/v2\/users\/1"}],"replies":[{"embeddable":true,"href":"https:\/\/poliarquia.com\/wp-json\/wp\/v2\/comments?post=2"}],"version-history":[{"count":13,"href":"https:\/\/poliarquia.com\/wp-json\/wp\/v2\/pages\/2\/revisions"}],"predecessor-version":[{"id":2179,"href":"https:\/\/poliarquia.com\/wp-json\/wp\/v2\/pages\/2\/revisions\/2179"}],"wp:featuredmedia":[{"embeddable":true,"href":"https:\/\/poliarquia.com\/wp-json\/wp\/v2\/media\/398"}],"wp:attachment":[{"href":"https:\/\/poliarquia.com\/wp-json\/wp\/v2\/media?parent=2"}],"curies":[{"name":"wp","href":"https:\/\/api.w.org\/{rel}","templated":true}]}}