{"id":15,"date":"2016-06-27T21:39:45","date_gmt":"2016-06-27T21:39:45","guid":{"rendered":"http:\/\/xypublicidad.com.ar\/poliarquia\/?page_id=15"},"modified":"2021-10-27T17:24:56","modified_gmt":"2021-10-27T17:24:56","slug":"contacto","status":"publish","type":"page","link":"https:\/\/poliarquia.com\/contacto\/","title":{"rendered":"Contacto"},"content":{"rendered":"<p>Utilice nuestro tel\u00e9fono, correo electr\u00f3nico, redes sociales o formulario en l\u00ednea para contactarnos. Sus comentarios, sugerencias y solicitudes de informaci\u00f3n son bienvenidos.<\/p>\n<p>&nbsp;<\/p>\n<p><strong>Tel\u00e9fono.:<\/strong> (+54 11) 5219-2500<br \/>\n<strong>E-mail:<\/strong> info@poliarquia.com<\/p>\n<blockquote><p>&nbsp;<\/p><\/blockquote>\n<h3>Formulario de contacto<\/h3>\n<div role=\"form\" class=\"wpcf7\" id=\"wpcf7-f169-o1\" lang=\"es-ES\" dir=\"ltr\">\n<div class=\"screen-reader-response\"><p role=\"status\" aria-live=\"polite\" aria-atomic=\"true\"><\/p> <ul><\/ul><\/div>\n<form action=\"\/es\/wp-json\/wp\/v2\/pages\/15#wpcf7-f169-o1\" method=\"post\" class=\"wpcf7-form init\" novalidate=\"novalidate\" data-status=\"init\">\n<div style=\"display: none;\">\n<input type=\"hidden\" name=\"_wpcf7\" value=\"169\" \/>\n<input type=\"hidden\" name=\"_wpcf7_version\" value=\"5.5.2\" \/>\n<input type=\"hidden\" name=\"_wpcf7_locale\" value=\"es_ES\" \/>\n<input type=\"hidden\" name=\"_wpcf7_unit_tag\" value=\"wpcf7-f169-o1\" \/>\n<input type=\"hidden\" name=\"_wpcf7_container_post\" value=\"0\" \/>\n<input type=\"hidden\" name=\"_wpcf7_posted_data_hash\" value=\"\" \/>\n<\/div>\n<div class=\"row\">\n<div class=\"col-md-6\">\n<div class=\"form-group\">\n      <label for=\"exampleInputEmail1\">Nombre<\/label><br \/>\n         <span class=\"wpcf7-form-control-wrap your-name\"><input type=\"text\" name=\"your-name\" value=\"\" size=\"40\" class=\"wpcf7-form-control wpcf7-text wpcf7-validates-as-required form-control\" aria-required=\"true\" aria-invalid=\"false\" \/><\/span>\n    <\/div>\n<\/div>\n<div class=\"col-md-6\">\n<div class=\"form-group\">\n      <label for=\"exampleInputEmail1\">Apellido<\/label><br \/>\n         <span class=\"wpcf7-form-control-wrap your-surname\"><input type=\"text\" name=\"your-surname\" value=\"\" size=\"40\" class=\"wpcf7-form-control wpcf7-text wpcf7-validates-as-required form-control\" aria-required=\"true\" aria-invalid=\"false\" \/><\/span>\n    <\/div>\n<\/div>\n<\/div>\n<div class=\"row\">\n<div class=\"col-md-6\">\n<div class=\"form-group\">\n      <label for=\"exampleInputEmail1\">Correo electr\u00f3nico<\/label><br \/>\n         <span class=\"wpcf7-form-control-wrap your-email\"><input type=\"email\" name=\"your-email\" value=\"\" size=\"40\" class=\"wpcf7-form-control wpcf7-text wpcf7-email wpcf7-validates-as-required wpcf7-validates-as-email form-control\" aria-required=\"true\" aria-invalid=\"false\" \/><\/span>\n    <\/div>\n<\/div>\n<div class=\"col-md-6\">\n<div class=\"form-group\">\n      <label for=\"exampleInputEmail1\">Tel\u00e9fono<\/label><br \/>\n         <span class=\"wpcf7-form-control-wrap telefono\"><input type=\"tel\" name=\"telefono\" value=\"\" size=\"40\" class=\"wpcf7-form-control wpcf7-text wpcf7-tel wpcf7-validates-as-required wpcf7-validates-as-tel form-control\" aria-required=\"true\" aria-invalid=\"false\" \/><\/span>\n    <\/div>\n<\/div>\n<\/div>\n<div class=\"row\">\n<div class=\"col-md-12\">\n<div class=\"form-group\">\n      <label for=\"exampleInputEmail1\">Comentario<\/label><br \/>\n          <span class=\"wpcf7-form-control-wrap your-message\"><textarea name=\"your-message\" cols=\"40\" rows=\"3\" class=\"wpcf7-form-control wpcf7-textarea wpcf7-validates-as-required form-control\" aria-required=\"true\" aria-invalid=\"false\"><\/textarea><\/span>\n    <\/div>\n<\/div>\n<\/div>\n<p><input type=\"submit\" value=\"&nbsp;&nbsp;&nbsp;&nbsp;&nbsp;Enviar&nbsp;&nbsp;&nbsp;&nbsp;&nbsp;\" class=\"wpcf7-form-control has-spinner wpcf7-submit btn btn-primary pull-right\" \/><\/p>\n<div class=\"wpcf7-response-output\" aria-hidden=\"true\"><\/div><\/form><\/div>\n","protected":false},"excerpt":{"rendered":"<p>Utilice nuestro tel\u00e9fono, correo electr\u00f3nico, redes sociales o formulario en l\u00ednea para contactarnos. Sus comentarios, sugerencias y solicitudes de informaci\u00f3n son bienvenidos. &nbsp; Tel\u00e9fono.: (+54 11) 5219-2500 E-mail: info@poliarquia.com &nbsp; Formulario de contacto<\/p>\n","protected":false},"author":1,"featured_media":0,"parent":0,"menu_order":0,"comment_status":"closed","ping_status":"closed","template":"page-institucional.php","meta":{"footnotes":""},"class_list":["post-15","page","type-page","status-publish","hentry"],"_links":{"self":[{"href":"https:\/\/poliarquia.com\/wp-json\/wp\/v2\/pages\/15","targetHints":{"allow":["GET"]}}],"collection":[{"href":"https:\/\/poliarquia.com\/wp-json\/wp\/v2\/pages"}],"about":[{"href":"https:\/\/poliarquia.com\/wp-json\/wp\/v2\/types\/page"}],"author":[{"embeddable":true,"href":"https:\/\/poliarquia.com\/wp-json\/wp\/v2\/users\/1"}],"replies":[{"embeddable":true,"href":"https:\/\/poliarquia.com\/wp-json\/wp\/v2\/comments?post=15"}],"version-history":[{"count":24,"href":"https:\/\/poliarquia.com\/wp-json\/wp\/v2\/pages\/15\/revisions"}],"predecessor-version":[{"id":2180,"href":"https:\/\/poliarquia.com\/wp-json\/wp\/v2\/pages\/15\/revisions\/2180"}],"wp:attachment":[{"href":"https:\/\/poliarquia.com\/wp-json\/wp\/v2\/media?parent=15"}],"curies":[{"name":"wp","href":"https:\/\/api.w.org\/{rel}","templated":true}]}}